{"id":5467,"date":"2023-04-30T12:41:06","date_gmt":"2023-04-30T09:41:06","guid":{"rendered":"https:\/\/vooglaid.org\/?page_id=5467"},"modified":"2025-12-31T08:05:38","modified_gmt":"2025-12-31T06:05:38","slug":"books","status":"publish","type":"page","link":"https:\/\/www.vooglaid.org\/en\/books\/","title":{"rendered":"Books"},"content":{"rendered":"\t\t<div data-elementor-type=\"wp-page\" data-elementor-id=\"5467\" class=\"elementor elementor-5467 elementor-1766\">\n\t\t\t\t<div class=\"elementor-element elementor-element-5c67f565 e-flex e-con-boxed e-con e-parent\" data-id=\"5c67f565\" data-element_type=\"container\">\n\t\t\t\t\t<div class=\"e-con-inner\">\n\t\t<div class=\"elementor-element elementor-element-353fd78 e-con-full e-flex e-con e-child\" data-id=\"353fd78\" data-element_type=\"container\">\n\t\t\t\t<div class=\"elementor-element elementor-element-4d161f51 elementor-widget__width-initial elementor-widget elementor-widget-image\" data-id=\"4d161f51\" data-element_type=\"widget\" data-widget_type=\"image.default\">\n\t\t\t\t<div class=\"elementor-widget-container\">\n\t\t\t\t\t\t\t\t\t\t\t\t\t\t\t<img fetchpriority=\"high\" decoding=\"async\" width=\"519\" height=\"600\" src=\"https:\/\/www.vooglaid.org\/wp-content\/uploads\/2025\/08\/uued.jpg\" class=\"attachment-large size-large wp-image-7159\" alt=\"vanaisa uued lood\" srcset=\"https:\/\/www.vooglaid.org\/wp-content\/uploads\/2025\/08\/uued.jpg 519w, https:\/\/www.vooglaid.org\/wp-content\/uploads\/2025\/08\/uued-260x300.jpg 260w\" sizes=\"(max-width: 519px) 100vw, 519px\" \/>\t\t\t\t\t\t\t\t\t\t\t\t\t\t\t<\/div>\n\t\t\t\t<\/div>\n\t\t<div class=\"elementor-element elementor-element-62d66373 e-flex e-con-boxed e-con e-child\" data-id=\"62d66373\" data-element_type=\"container\">\n\t\t\t\t\t<div class=\"e-con-inner\">\n\t\t\t\t<div class=\"elementor-element elementor-element-19203735 elementor-widget elementor-widget-heading\" data-id=\"19203735\" data-element_type=\"widget\" data-widget_type=\"heading.default\">\n\t\t\t\t<div class=\"elementor-widget-container\">\n\t\t\t\t\t<h2 class=\"elementor-heading-title elementor-size-default\">Vanaisa uued lood (2025)<\/h2>\t\t\t\t<\/div>\n\t\t\t\t<\/div>\n\t\t\t\t<div class=\"elementor-element elementor-element-2ca77962 elementor-widget elementor-widget-text-editor\" data-id=\"2ca77962\" data-element_type=\"widget\" data-widget_type=\"text-editor.default\">\n\t\t\t\t<div class=\"elementor-widget-container\">\n\t\t\t\t\t\t\t\t\t<p>Kaheosaline raamat \u00dclo vanaisast ja uued lood \u00dclost endast vanaisa rollis<\/p>\t\t\t\t\t\t\t\t<\/div>\n\t\t\t\t<\/div>\n\t\t<div class=\"elementor-element elementor-element-3afd02b2 e-flex e-con-boxed e-con e-child\" data-id=\"3afd02b2\" data-element_type=\"container\">\n\t\t\t\t\t<div class=\"e-con-inner\">\n\t\t\t\t<div class=\"elementor-element elementor-element-db8a781 elementor-widget elementor-widget-button\" data-id=\"db8a781\" data-element_type=\"widget\" data-widget_type=\"button.default\">\n\t\t\t\t<div class=\"elementor-widget-container\">\n\t\t\t\t\t\t\t\t\t<div class=\"elementor-button-wrapper\">\n\t\t\t\t\t<a class=\"elementor-button elementor-button-link elementor-size-sm\" href=\"https:\/\/vooglaid.org\/toode\/vanaisa-uued-lood\/\">\n\t\t\t\t\t\t<span class=\"elementor-button-content-wrapper\">\n\t\t\t\t\t\t\t\t\t<span class=\"elementor-button-text\">Buy<\/span>\n\t\t\t\t\t<\/span>\n\t\t\t\t\t<\/a>\n\t\t\t\t<\/div>\n\t\t\t\t\t\t\t\t<\/div>\n\t\t\t\t<\/div>\n\t\t\t\t\t<\/div>\n\t\t\t\t<\/div>\n\t\t\t\t\t<\/div>\n\t\t\t\t<\/div>\n\t\t\t\t<\/div>\n\t\t<div class=\"elementor-element elementor-element-51374c9 e-con-full e-flex e-con e-child\" data-id=\"51374c9\" data-element_type=\"container\">\n\t\t\t\t<div class=\"elementor-element elementor-element-02dc499 elementor-widget__width-initial elementor-widget elementor-widget-image\" data-id=\"02dc499\" data-element_type=\"widget\" data-widget_type=\"image.default\">\n\t\t\t\t<div class=\"elementor-widget-container\">\n\t\t\t\t\t\t\t\t\t\t\t\t\t\t\t<img decoding=\"async\" width=\"502\" height=\"700\" src=\"https:\/\/www.vooglaid.org\/wp-content\/uploads\/2023\/05\/cover2.jpg\" class=\"attachment-large size-large wp-image-5547\" alt=\"\" srcset=\"https:\/\/www.vooglaid.org\/wp-content\/uploads\/2023\/05\/cover2.jpg 502w, https:\/\/www.vooglaid.org\/wp-content\/uploads\/2023\/05\/cover2-215x300.jpg 215w\" sizes=\"(max-width: 502px) 100vw, 502px\" \/>\t\t\t\t\t\t\t\t\t\t\t\t\t\t\t<\/div>\n\t\t\t\t<\/div>\n\t\t<div class=\"elementor-element elementor-element-5aadb79 e-flex e-con-boxed e-con e-child\" data-id=\"5aadb79\" data-element_type=\"container\">\n\t\t\t\t\t<div class=\"e-con-inner\">\n\t\t\t\t<div class=\"elementor-element elementor-element-8f30061 elementor-widget elementor-widget-heading\" data-id=\"8f30061\" data-element_type=\"widget\" data-widget_type=\"heading.default\">\n\t\t\t\t<div class=\"elementor-widget-container\">\n\t\t\t\t\t<h2 class=\"elementor-heading-title elementor-size-default\">Message to a Citizen (2019)<\/h2>\t\t\t\t<\/div>\n\t\t\t\t<\/div>\n\t\t\t\t<div class=\"elementor-element elementor-element-09270a6 elementor-widget elementor-widget-text-editor\" data-id=\"09270a6\" data-element_type=\"widget\" data-widget_type=\"text-editor.default\">\n\t\t\t\t<div class=\"elementor-widget-container\">\n\t\t\t\t\t\t\t\t\t<p>Thinkers handbook in English<\/p>\t\t\t\t\t\t\t\t<\/div>\n\t\t\t\t<\/div>\n\t\t<div class=\"elementor-element elementor-element-619e826 e-flex e-con-boxed e-con e-child\" data-id=\"619e826\" data-element_type=\"container\">\n\t\t\t\t\t<div class=\"e-con-inner\">\n\t\t\t\t<div class=\"elementor-element elementor-element-a610c6a elementor-widget elementor-widget-button\" data-id=\"a610c6a\" data-element_type=\"widget\" data-widget_type=\"button.default\">\n\t\t\t\t<div class=\"elementor-widget-container\">\n\t\t\t\t\t\t\t\t\t<div class=\"elementor-button-wrapper\">\n\t\t\t\t\t<a class=\"elementor-button elementor-button-link elementor-size-sm\" href=\"https:\/\/vooglaid.org\/en\/books\/message-to-a-citizen\/\">\n\t\t\t\t\t\t<span class=\"elementor-button-content-wrapper\">\n\t\t\t\t\t\t\t\t\t<span class=\"elementor-button-text\">Read<\/span>\n\t\t\t\t\t<\/span>\n\t\t\t\t\t<\/a>\n\t\t\t\t<\/div>\n\t\t\t\t\t\t\t\t<\/div>\n\t\t\t\t<\/div>\n\t\t\t\t\t<\/div>\n\t\t\t\t<\/div>\n\t\t\t\t\t<\/div>\n\t\t\t\t<\/div>\n\t\t\t\t<\/div>\n\t\t<div class=\"elementor-element elementor-element-4cba1995 e-con-full e-flex e-con e-child\" data-id=\"4cba1995\" data-element_type=\"container\">\n\t\t\t\t<div class=\"elementor-element elementor-element-43c6c5f2 elementor-widget__width-initial elementor-widget elementor-widget-image\" data-id=\"43c6c5f2\" data-element_type=\"widget\" data-widget_type=\"image.default\">\n\t\t\t\t<div class=\"elementor-widget-container\">\n\t\t\t\t\t\t\t\t\t\t\t\t\t\t\t<img decoding=\"async\" width=\"737\" height=\"1024\" src=\"https:\/\/www.vooglaid.org\/wp-content\/uploads\/2019\/07\/Kaas-eesti-keeles-737x1024.jpg\" class=\"attachment-large size-large wp-image-2092\" alt=\"\" srcset=\"https:\/\/www.vooglaid.org\/wp-content\/uploads\/2019\/07\/Kaas-eesti-keeles-737x1024.jpg 737w, https:\/\/www.vooglaid.org\/wp-content\/uploads\/2019\/07\/Kaas-eesti-keeles-600x834.jpg 600w, https:\/\/www.vooglaid.org\/wp-content\/uploads\/2019\/07\/Kaas-eesti-keeles-216x300.jpg 216w, https:\/\/www.vooglaid.org\/wp-content\/uploads\/2019\/07\/Kaas-eesti-keeles-768x1067.jpg 768w, https:\/\/www.vooglaid.org\/wp-content\/uploads\/2019\/07\/Kaas-eesti-keeles.jpg 853w\" sizes=\"(max-width: 737px) 100vw, 737px\" \/>\t\t\t\t\t\t\t\t\t\t\t\t\t\t\t<\/div>\n\t\t\t\t<\/div>\n\t\t<div class=\"elementor-element elementor-element-2b495d39 e-flex e-con-boxed e-con e-child\" data-id=\"2b495d39\" data-element_type=\"container\">\n\t\t\t\t\t<div class=\"e-con-inner\">\n\t\t\t\t<div class=\"elementor-element elementor-element-27611ac2 elementor-widget elementor-widget-heading\" data-id=\"27611ac2\" data-element_type=\"widget\" data-widget_type=\"heading.default\">\n\t\t\t\t<div class=\"elementor-widget-container\">\n\t\t\t\t\t<h2 class=\"elementor-heading-title elementor-size-default\">Elanikust kodanikuks (2019)<\/h2>\t\t\t\t<\/div>\n\t\t\t\t<\/div>\n\t\t\t\t<div class=\"elementor-element elementor-element-71c8085 elementor-widget elementor-widget-text-editor\" data-id=\"71c8085\" data-element_type=\"widget\" data-widget_type=\"text-editor.default\">\n\t\t\t\t<div class=\"elementor-widget-container\">\n\t\t\t\t\t\t\t\t\t<p>Thinkers handbook in Estonian<\/p>\t\t\t\t\t\t\t\t<\/div>\n\t\t\t\t<\/div>\n\t\t<div class=\"elementor-element elementor-element-29119cf e-flex e-con-boxed e-con e-child\" data-id=\"29119cf\" data-element_type=\"container\">\n\t\t\t\t\t<div class=\"e-con-inner\">\n\t\t\t\t<div class=\"elementor-element elementor-element-6387d20d elementor-widget elementor-widget-button\" data-id=\"6387d20d\" data-element_type=\"widget\" data-widget_type=\"button.default\">\n\t\t\t\t<div class=\"elementor-widget-container\">\n\t\t\t\t\t\t\t\t\t<div class=\"elementor-button-wrapper\">\n\t\t\t\t\t<a class=\"elementor-button elementor-button-link elementor-size-sm\" href=\"https:\/\/vooglaid.org\/toode\/elanikust-kodanikuks\/\">\n\t\t\t\t\t\t<span class=\"elementor-button-content-wrapper\">\n\t\t\t\t\t\t\t\t\t<span class=\"elementor-button-text\">Buy<\/span>\n\t\t\t\t\t<\/span>\n\t\t\t\t\t<\/a>\n\t\t\t\t<\/div>\n\t\t\t\t\t\t\t\t<\/div>\n\t\t\t\t<\/div>\n\t\t\t\t<div class=\"elementor-element elementor-element-3ba327af elementor-widget elementor-widget-button\" data-id=\"3ba327af\" data-element_type=\"widget\" data-widget_type=\"button.default\">\n\t\t\t\t<div class=\"elementor-widget-container\">\n\t\t\t\t\t\t\t\t\t<div class=\"elementor-button-wrapper\">\n\t\t\t\t\t<a class=\"elementor-button elementor-button-link elementor-size-sm\" href=\"https:\/\/vooglaid.org\/en\/books\/message-to-a-citizen\/\">\n\t\t\t\t\t\t<span class=\"elementor-button-content-wrapper\">\n\t\t\t\t\t\t\t\t\t<span class=\"elementor-button-text\">Read<\/span>\n\t\t\t\t\t<\/span>\n\t\t\t\t\t<\/a>\n\t\t\t\t<\/div>\n\t\t\t\t\t\t\t\t<\/div>\n\t\t\t\t<\/div>\n\t\t\t\t\t<\/div>\n\t\t\t\t<\/div>\n\t\t\t\t\t<\/div>\n\t\t\t\t<\/div>\n\t\t\t\t<\/div>\n\t\t<div class=\"elementor-element elementor-element-47437a53 e-con-full e-flex e-con e-child\" data-id=\"47437a53\" data-element_type=\"container\">\n\t\t\t\t<div class=\"elementor-element elementor-element-21721399 elementor-widget__width-initial elementor-widget elementor-widget-image\" data-id=\"21721399\" data-element_type=\"widget\" data-widget_type=\"image.default\">\n\t\t\t\t<div class=\"elementor-widget-container\">\n\t\t\t\t\t\t\t\t\t\t\t\t\t\t\t<img loading=\"lazy\" decoding=\"async\" width=\"517\" height=\"923\" src=\"https:\/\/www.vooglaid.org\/wp-content\/uploads\/2018\/05\/s\u00f5na-on-j\u00f5ud.jpg\" class=\"attachment-large size-large wp-image-2067\" alt=\"\" srcset=\"https:\/\/www.vooglaid.org\/wp-content\/uploads\/2018\/05\/s\u00f5na-on-j\u00f5ud.jpg 517w, https:\/\/www.vooglaid.org\/wp-content\/uploads\/2018\/05\/s\u00f5na-on-j\u00f5ud-168x300.jpg 168w\" sizes=\"(max-width: 517px) 100vw, 517px\" \/>\t\t\t\t\t\t\t\t\t\t\t\t\t\t\t<\/div>\n\t\t\t\t<\/div>\n\t\t<div class=\"elementor-element elementor-element-71e54a72 e-flex e-con-boxed e-con e-child\" data-id=\"71e54a72\" data-element_type=\"container\">\n\t\t\t\t\t<div class=\"e-con-inner\">\n\t\t\t\t<div class=\"elementor-element elementor-element-65c528bb elementor-widget elementor-widget-heading\" data-id=\"65c528bb\" data-element_type=\"widget\" data-widget_type=\"heading.default\">\n\t\t\t\t<div class=\"elementor-widget-container\">\n\t\t\t\t\t<h2 class=\"elementor-heading-title elementor-size-default\">S\u00f5na on j\u00f5ud (2018)<\/h2>\t\t\t\t<\/div>\n\t\t\t\t<\/div>\n\t\t\t\t<div class=\"elementor-element elementor-element-5567a3e9 elementor-widget elementor-widget-text-editor\" data-id=\"5567a3e9\" data-element_type=\"widget\" data-widget_type=\"text-editor.default\">\n\t\t\t\t<div class=\"elementor-widget-container\">\n\t\t\t\t\t\t\t\t\t<p>Raadio \u00d6\u00f6\u00fclikoolis peetud loengud 2001 &#8211; 2017<\/p>\t\t\t\t\t\t\t\t<\/div>\n\t\t\t\t<\/div>\n\t\t<div class=\"elementor-element elementor-element-1074b14f e-flex e-con-boxed e-con e-child\" data-id=\"1074b14f\" data-element_type=\"container\">\n\t\t\t\t\t<div class=\"e-con-inner\">\n\t\t\t\t<div class=\"elementor-element elementor-element-f0ed3ac elementor-widget elementor-widget-button\" data-id=\"f0ed3ac\" data-element_type=\"widget\" data-widget_type=\"button.default\">\n\t\t\t\t<div class=\"elementor-widget-container\">\n\t\t\t\t\t\t\t\t\t<div class=\"elementor-button-wrapper\">\n\t\t\t\t\t<a class=\"elementor-button elementor-button-link elementor-size-sm\" href=\"https:\/\/sejsraamatud.ee\/ulo-vooglaid\">\n\t\t\t\t\t\t<span class=\"elementor-button-content-wrapper\">\n\t\t\t\t\t\t\t\t\t<span class=\"elementor-button-text\">Kirjastus SE &amp; JS<\/span>\n\t\t\t\t\t<\/span>\n\t\t\t\t\t<\/a>\n\t\t\t\t<\/div>\n\t\t\t\t\t\t\t\t<\/div>\n\t\t\t\t<\/div>\n\t\t\t\t\t<\/div>\n\t\t\t\t<\/div>\n\t\t\t\t\t<\/div>\n\t\t\t\t<\/div>\n\t\t\t\t<\/div>\n\t\t<div class=\"elementor-element elementor-element-65dcdd50 e-con-full e-flex e-con e-child\" data-id=\"65dcdd50\" data-element_type=\"container\">\n\t\t\t\t<div class=\"elementor-element elementor-element-79fda258 elementor-widget__width-initial elementor-widget elementor-widget-image\" data-id=\"79fda258\" data-element_type=\"widget\" data-widget_type=\"image.default\">\n\t\t\t\t<div class=\"elementor-widget-container\">\n\t\t\t\t\t\t\t\t\t\t\t\t\t\t\t<img loading=\"lazy\" decoding=\"async\" width=\"560\" height=\"927\" src=\"https:\/\/www.vooglaid.org\/wp-content\/uploads\/2018\/05\/AegVaim.jpg\" class=\"attachment-large size-large wp-image-2068\" alt=\"\" srcset=\"https:\/\/www.vooglaid.org\/wp-content\/uploads\/2018\/05\/AegVaim.jpg 560w, https:\/\/www.vooglaid.org\/wp-content\/uploads\/2018\/05\/AegVaim-181x300.jpg 181w\" sizes=\"(max-width: 560px) 100vw, 560px\" \/>\t\t\t\t\t\t\t\t\t\t\t\t\t\t\t<\/div>\n\t\t\t\t<\/div>\n\t\t<div class=\"elementor-element elementor-element-49fb5644 e-flex e-con-boxed e-con e-child\" data-id=\"49fb5644\" data-element_type=\"container\">\n\t\t\t\t\t<div class=\"e-con-inner\">\n\t\t\t\t<div class=\"elementor-element elementor-element-345ace1e elementor-widget elementor-widget-heading\" data-id=\"345ace1e\" data-element_type=\"widget\" data-widget_type=\"heading.default\">\n\t\t\t\t<div class=\"elementor-widget-container\">\n\t\t\t\t\t<h2 class=\"elementor-heading-title elementor-size-default\">Aeg &amp; Vaim (2015)<\/h2>\t\t\t\t<\/div>\n\t\t\t\t<\/div>\n\t\t\t\t<div class=\"elementor-element elementor-element-b75acfc elementor-widget elementor-widget-text-editor\" data-id=\"b75acfc\" data-element_type=\"widget\" data-widget_type=\"text-editor.default\">\n\t\t\t\t<div class=\"elementor-widget-container\">\n\t\t\t\t\t\t\t\t\t<p>M\u00f5tteid, arutlusi, esseid<\/p>\t\t\t\t\t\t\t\t<\/div>\n\t\t\t\t<\/div>\n\t\t<div class=\"elementor-element elementor-element-5e4c52b9 e-flex e-con-boxed e-con e-child\" data-id=\"5e4c52b9\" data-element_type=\"container\">\n\t\t\t\t\t<div class=\"e-con-inner\">\n\t\t\t\t\t<\/div>\n\t\t\t\t<\/div>\n\t\t\t\t\t<\/div>\n\t\t\t\t<\/div>\n\t\t\t\t<\/div>\n\t\t<div class=\"elementor-element elementor-element-59e76ff5 e-con-full e-flex e-con e-child\" data-id=\"59e76ff5\" data-element_type=\"container\">\n\t\t\t\t<div class=\"elementor-element elementor-element-3c649f21 elementor-widget__width-initial elementor-widget elementor-widget-image\" data-id=\"3c649f21\" data-element_type=\"widget\" data-widget_type=\"image.default\">\n\t\t\t\t<div class=\"elementor-widget-container\">\n\t\t\t\t\t\t\t\t\t\t\t\t\t\t\t<img loading=\"lazy\" decoding=\"async\" width=\"250\" height=\"300\" src=\"https:\/\/www.vooglaid.org\/wp-content\/uploads\/2019\/02\/vanaisa.jpg\" class=\"attachment-large size-large wp-image-2076\" alt=\"\" \/>\t\t\t\t\t\t\t\t\t\t\t\t\t\t\t<\/div>\n\t\t\t\t<\/div>\n\t\t<div class=\"elementor-element elementor-element-50a1836a e-flex e-con-boxed e-con e-child\" data-id=\"50a1836a\" data-element_type=\"container\">\n\t\t\t\t\t<div class=\"e-con-inner\">\n\t\t\t\t<div class=\"elementor-element elementor-element-75a38374 elementor-widget elementor-widget-heading\" data-id=\"75a38374\" data-element_type=\"widget\" data-widget_type=\"heading.default\">\n\t\t\t\t<div class=\"elementor-widget-container\">\n\t\t\t\t\t<h2 class=\"elementor-heading-title elementor-size-default\">Vanaisa (2011)<\/h2>\t\t\t\t<\/div>\n\t\t\t\t<\/div>\n\t\t\t\t<div class=\"elementor-element elementor-element-5c2c3f41 elementor-widget elementor-widget-text-editor\" data-id=\"5c2c3f41\" data-element_type=\"widget\" data-widget_type=\"text-editor.default\">\n\t\t\t\t<div class=\"elementor-widget-container\">\n\t\t\t\t\t\t\t\t\t<p>M\u00e4lestusi \u00dclo lapsep\u00f5lvest<\/p>\t\t\t\t\t\t\t\t<\/div>\n\t\t\t\t<\/div>\n\t\t<div class=\"elementor-element elementor-element-3ef29e76 e-flex e-con-boxed e-con e-child\" data-id=\"3ef29e76\" data-element_type=\"container\">\n\t\t\t\t\t<div class=\"e-con-inner\">\n\t\t\t\t<div class=\"elementor-element elementor-element-2dd2f119 elementor-widget elementor-widget-button\" data-id=\"2dd2f119\" data-element_type=\"widget\" data-widget_type=\"button.default\">\n\t\t\t\t<div class=\"elementor-widget-container\">\n\t\t\t\t\t\t\t\t\t<div class=\"elementor-button-wrapper\">\n\t\t\t\t\t<a class=\"elementor-button elementor-button-link elementor-size-sm\" href=\"https:\/\/kasvatus.print.ee\/product\/vanaisa\/\">\n\t\t\t\t\t\t<span class=\"elementor-button-content-wrapper\">\n\t\t\t\t\t\t\t\t\t<span class=\"elementor-button-text\">V\u00e4ike Vanker<\/span>\n\t\t\t\t\t<\/span>\n\t\t\t\t\t<\/a>\n\t\t\t\t<\/div>\n\t\t\t\t\t\t\t\t<\/div>\n\t\t\t\t<\/div>\n\t\t\t\t\t<\/div>\n\t\t\t\t<\/div>\n\t\t\t\t\t<\/div>\n\t\t\t\t<\/div>\n\t\t\t\t<\/div>\n\t\t<div class=\"elementor-element elementor-element-68151c3f e-con-full e-flex e-con e-child\" data-id=\"68151c3f\" data-element_type=\"container\">\n\t\t\t\t<div class=\"elementor-element elementor-element-3bae2d9e elementor-widget__width-initial elementor-widget elementor-widget-image\" data-id=\"3bae2d9e\" data-element_type=\"widget\" data-widget_type=\"image.default\">\n\t\t\t\t<div class=\"elementor-widget-container\">\n\t\t\t\t\t\t\t\t\t\t\t\t\t\t\t<img loading=\"lazy\" decoding=\"async\" width=\"197\" height=\"275\" src=\"https:\/\/www.vooglaid.org\/wp-content\/uploads\/2019\/10\/Lastekodu-kui-kasvukeskkond.jpg\" class=\"attachment-large size-large wp-image-2499\" alt=\"\" \/>\t\t\t\t\t\t\t\t\t\t\t\t\t\t\t<\/div>\n\t\t\t\t<\/div>\n\t\t<div class=\"elementor-element elementor-element-2cbf1007 e-flex e-con-boxed e-con e-child\" data-id=\"2cbf1007\" data-element_type=\"container\">\n\t\t\t\t\t<div class=\"e-con-inner\">\n\t\t\t\t<div class=\"elementor-element elementor-element-6a9f9984 elementor-widget elementor-widget-heading\" data-id=\"6a9f9984\" data-element_type=\"widget\" data-widget_type=\"heading.default\">\n\t\t\t\t<div class=\"elementor-widget-container\">\n\t\t\t\t\t<h2 class=\"elementor-heading-title elementor-size-default\">Lastekodu kui kasvukeskkond (1999)<\/h2>\t\t\t\t<\/div>\n\t\t\t\t<\/div>\n\t\t\t\t<div class=\"elementor-element elementor-element-3b152bfc elementor-widget elementor-widget-text-editor\" data-id=\"3b152bfc\" data-element_type=\"widget\" data-widget_type=\"text-editor.default\">\n\t\t\t\t<div class=\"elementor-widget-container\">\n\t\t\t\t\t\t\t\t\t<p>Harjutusi ja \u00fclesandeid lastekodu kasvatajatele ja juhatajatele<\/p>\t\t\t\t\t\t\t\t<\/div>\n\t\t\t\t<\/div>\n\t\t\t\t\t<\/div>\n\t\t\t\t<\/div>\n\t\t\t\t<\/div>\n\t\t<div class=\"elementor-element elementor-element-5445ec9f e-con-full e-flex e-con e-child\" data-id=\"5445ec9f\" data-element_type=\"container\">\n\t\t\t\t<div class=\"elementor-element elementor-element-45ace583 elementor-widget__width-initial elementor-widget elementor-widget-image\" data-id=\"45ace583\" data-element_type=\"widget\" data-widget_type=\"image.default\">\n\t\t\t\t<div class=\"elementor-widget-container\">\n\t\t\t\t\t\t\t\t\t\t\t\t\t\t\t<img loading=\"lazy\" decoding=\"async\" width=\"400\" height=\"600\" src=\"https:\/\/www.vooglaid.org\/wp-content\/uploads\/2019\/10\/juhtimissusteemide-morfoloogia.jpg\" class=\"attachment-large size-large wp-image-2503\" alt=\"\" srcset=\"https:\/\/www.vooglaid.org\/wp-content\/uploads\/2019\/10\/juhtimissusteemide-morfoloogia.jpg 400w, https:\/\/www.vooglaid.org\/wp-content\/uploads\/2019\/10\/juhtimissusteemide-morfoloogia-200x300.jpg 200w\" sizes=\"(max-width: 400px) 100vw, 400px\" \/>\t\t\t\t\t\t\t\t\t\t\t\t\t\t\t<\/div>\n\t\t\t\t<\/div>\n\t\t<div class=\"elementor-element elementor-element-d3099fc e-flex e-con-boxed e-con e-child\" data-id=\"d3099fc\" data-element_type=\"container\">\n\t\t\t\t\t<div class=\"e-con-inner\">\n\t\t\t\t<div class=\"elementor-element elementor-element-d69b8b7 elementor-widget elementor-widget-heading\" data-id=\"d69b8b7\" data-element_type=\"widget\" data-widget_type=\"heading.default\">\n\t\t\t\t<div class=\"elementor-widget-container\">\n\t\t\t\t\t<h2 class=\"elementor-heading-title elementor-size-default\">Juhtimiss\u00fcsteemide morfoloogia ja dialektika (1986)<\/h2>\t\t\t\t<\/div>\n\t\t\t\t<\/div>\n\t\t\t\t<div class=\"elementor-element elementor-element-b16030c elementor-widget elementor-widget-text-editor\" data-id=\"b16030c\" data-element_type=\"widget\" data-widget_type=\"text-editor.default\">\n\t\t\t\t<div class=\"elementor-widget-container\">\n\t\t\t\t\t\t\t\t\t<p>Harjutusi ja \u00fclesandeid lastekodu kasvatajatele ja juhatajatele<\/p>\t\t\t\t\t\t\t\t<\/div>\n\t\t\t\t<\/div>\n\t\t<div class=\"elementor-element elementor-element-6ab60108 e-flex e-con-boxed e-con e-child\" data-id=\"6ab60108\" data-element_type=\"container\">\n\t\t\t\t\t<div class=\"e-con-inner\">\n\t\t\t\t\t<\/div>\n\t\t\t\t<\/div>\n\t\t\t\t\t<\/div>\n\t\t\t\t<\/div>\n\t\t\t\t<\/div>\n\t\t\t\t\t<\/div>\n\t\t\t\t<\/div>\n\t\t\t\t<\/div>\n\t\t","protected":false},"excerpt":{"rendered":"<p>Vanaisa uued lood (2025) Kaheosaline raamat \u00dclo vanaisast ja uued lood \u00dclost endast vanaisa rollis Buy Message to a Citizen (2019) Thinkers handbook in English Read Elanikust kodanikuks (2019) Thinkers handbook in Estonian Buy Read S\u00f5na on j\u00f5ud (2018) Raadio \u00d6\u00f6\u00fclikoolis peetud loengud 2001 &#8211; 2017 Kirjastus SE &amp; JS Aeg &amp; Vaim (2015) M\u00f5tteid, [&hellip;]<\/p>\n","protected":false},"author":3,"featured_media":0,"parent":0,"menu_order":30,"comment_status":"closed","ping_status":"closed","template":"","meta":{"footnotes":""},"class_list":["post-5467","page","type-page","status-publish","hentry"],"_links":{"self":[{"href":"https:\/\/www.vooglaid.org\/en\/wp-json\/wp\/v2\/pages\/5467","targetHints":{"allow":["GET"]}}],"collection":[{"href":"https:\/\/www.vooglaid.org\/en\/wp-json\/wp\/v2\/pages"}],"about":[{"href":"https:\/\/www.vooglaid.org\/en\/wp-json\/wp\/v2\/types\/page"}],"author":[{"embeddable":true,"href":"https:\/\/www.vooglaid.org\/en\/wp-json\/wp\/v2\/users\/3"}],"replies":[{"embeddable":true,"href":"https:\/\/www.vooglaid.org\/en\/wp-json\/wp\/v2\/comments?post=5467"}],"version-history":[{"count":5,"href":"https:\/\/www.vooglaid.org\/en\/wp-json\/wp\/v2\/pages\/5467\/revisions"}],"predecessor-version":[{"id":8189,"href":"https:\/\/www.vooglaid.org\/en\/wp-json\/wp\/v2\/pages\/5467\/revisions\/8189"}],"wp:attachment":[{"href":"https:\/\/www.vooglaid.org\/en\/wp-json\/wp\/v2\/media?parent=5467"}],"curies":[{"name":"wp","href":"https:\/\/api.w.org\/{rel}","templated":true}]}}