{"id":5922,"date":"2024-02-02T15:03:36","date_gmt":"2024-02-02T13:03:36","guid":{"rendered":"https:\/\/vooglaid.org\/sihtasutus\/"},"modified":"2025-12-31T07:45:28","modified_gmt":"2025-12-31T05:45:28","slug":"foundation","status":"publish","type":"page","link":"https:\/\/www.vooglaid.org\/en\/foundation\/","title":{"rendered":"Foundation"},"content":{"rendered":"\t\t<div data-elementor-type=\"wp-page\" data-elementor-id=\"5922\" class=\"elementor elementor-5922 elementor-5692\">\n\t\t\t\t<div class=\"elementor-element elementor-element-9b217aa e-flex e-con-boxed e-con e-parent\" data-id=\"9b217aa\" data-element_type=\"container\">\n\t\t\t\t\t<div class=\"e-con-inner\">\n\t\t<div class=\"elementor-element elementor-element-fe89f33 e-flex e-con-boxed e-con e-child\" data-id=\"fe89f33\" data-element_type=\"container\">\n\t\t\t\t\t<div class=\"e-con-inner\">\n\t\t<div class=\"elementor-element elementor-element-392acdb e-flex e-con-boxed e-con e-child\" data-id=\"392acdb\" data-element_type=\"container\">\n\t\t\t\t\t<div class=\"e-con-inner\">\n\t\t\t\t<div class=\"elementor-element elementor-element-2bca939 elementor-widget elementor-widget-heading\" data-id=\"2bca939\" data-element_type=\"widget\" data-widget_type=\"heading.default\">\n\t\t\t\t<div class=\"elementor-widget-container\">\n\t\t\t\t\t<h1 class=\"elementor-heading-title elementor-size-default\">\u00dclo Vooglaid's Legacy of Thought Foundation<\/h1>\t\t\t\t<\/div>\n\t\t\t\t<\/div>\n\t\t\t\t<div class=\"elementor-element elementor-element-3948119 elementor-widget elementor-widget-text-editor\" data-id=\"3948119\" data-element_type=\"widget\" data-widget_type=\"text-editor.default\">\n\t\t\t\t<div class=\"elementor-widget-container\">\n\t\t\t\t\t\t\t\t\t<p>Registry code 90014247<br \/>Rapla maakond, Kohila vald, Pukam\u00e4e k\u00fcla, Raja, 79852<br \/>sihtasutus@vooglaid.org<\/p><p><strong>\u00dclo Vooglaid<br \/><\/strong>ylo@vooglaid.org<\/p><p>The foundation accepts donations that are in accordance with its articles of association.<br \/>The foundation is included in the Estonian Tax and Customs Board list of non-profit associations, foundations, and religious organisations benefiting from income tax refunds as of 01 July 2019.<br \/>Donors are asked to send their Estonian personal identification code by email for mandatory reporting purposes.<\/p><p><b>Sihtasutus \u00dclo Vooglaiu M\u00f5ttep\u00e4rand<br \/><\/b><strong>LHV Bank<\/strong><\/p><p>IBAN EE707700771003002606<br \/>BIC LHVBEE22<\/p>\t\t\t\t\t\t\t\t<\/div>\n\t\t\t\t<\/div>\n\t\t\t\t\t<\/div>\n\t\t\t\t<\/div>\n\t\t\t\t\t<\/div>\n\t\t\t\t<\/div>\n\t\t<div class=\"elementor-element elementor-element-79532c9 e-con-full e-flex e-con e-child\" data-id=\"79532c9\" data-element_type=\"container\">\n\t\t\t\t<div class=\"elementor-element elementor-element-14bd2e5 elementor-widget elementor-widget-image\" data-id=\"14bd2e5\" data-element_type=\"widget\" data-widget_type=\"image.default\">\n\t\t\t\t<div class=\"elementor-widget-container\">\n\t\t\t\t\t\t\t\t\t\t\t\t\t\t\t<img fetchpriority=\"high\" decoding=\"async\" width=\"800\" height=\"800\" src=\"https:\/\/www.vooglaid.org\/wp-content\/uploads\/2022\/10\/\u00dclo-Vooglaid-1024x1024.jpg\" class=\"attachment-large size-large wp-image-3861\" alt=\"\" srcset=\"https:\/\/www.vooglaid.org\/wp-content\/uploads\/2022\/10\/\u00dclo-Vooglaid-1024x1024.jpg 1024w, https:\/\/www.vooglaid.org\/wp-content\/uploads\/2022\/10\/\u00dclo-Vooglaid-300x300.jpg 300w, https:\/\/www.vooglaid.org\/wp-content\/uploads\/2022\/10\/\u00dclo-Vooglaid-100x100.jpg 100w, https:\/\/www.vooglaid.org\/wp-content\/uploads\/2022\/10\/\u00dclo-Vooglaid-600x600.jpg 600w, https:\/\/www.vooglaid.org\/wp-content\/uploads\/2022\/10\/\u00dclo-Vooglaid-150x150.jpg 150w, https:\/\/www.vooglaid.org\/wp-content\/uploads\/2022\/10\/\u00dclo-Vooglaid-768x768.jpg 768w, https:\/\/www.vooglaid.org\/wp-content\/uploads\/2022\/10\/\u00dclo-Vooglaid.jpg 2000w\" sizes=\"(max-width: 800px) 100vw, 800px\" \/>\t\t\t\t\t\t\t\t\t\t\t\t\t\t\t<\/div>\n\t\t\t\t<\/div>\n\t\t\t\t<div class=\"elementor-element elementor-element-a41b829 elementor-widget elementor-widget-heading\" data-id=\"a41b829\" data-element_type=\"widget\" data-widget_type=\"heading.default\">\n\t\t\t\t<div class=\"elementor-widget-container\">\n\t\t\t\t\t<h5 class=\"elementor-heading-title elementor-size-default\">\u00dclo Vooglaid<\/h5>\t\t\t\t<\/div>\n\t\t\t\t<\/div>\n\t\t\t\t<div class=\"elementor-element elementor-element-23bb54d elementor-widget elementor-widget-heading\" data-id=\"23bb54d\" data-element_type=\"widget\" data-widget_type=\"heading.default\">\n\t\t\t\t<div class=\"elementor-widget-container\">\n\t\t\t\t\t<h5 class=\"elementor-heading-title elementor-size-default\">Chairman of the Supervisory Board<\/h5>\t\t\t\t<\/div>\n\t\t\t\t<\/div>\n\t\t\t\t<\/div>\n\t\t\t\t\t<\/div>\n\t\t\t\t<\/div>\n\t\t\t\t<\/div>\n\t\t","protected":false},"excerpt":{"rendered":"<p>\u00dclo Vooglaid&#8217;s Legacy of Thought Foundation Registry code 90014247 Rapla maakond, Kohila vald, Pukam\u00e4e k\u00fcla, Raja, 79852 sihtasutus@vooglaid.org \u00dclo Vooglaid ylo@vooglaid.org The foundation accepts donations that are in accordance with its articles of association. The foundation is included in the Estonian Tax and Customs Board list of non-profit associations, foundations, and religious organisations benefiting from [&hellip;]<\/p>\n","protected":false},"author":11,"featured_media":0,"parent":0,"menu_order":0,"comment_status":"closed","ping_status":"closed","template":"","meta":{"footnotes":""},"class_list":["post-5922","page","type-page","status-publish","hentry"],"_links":{"self":[{"href":"https:\/\/www.vooglaid.org\/en\/wp-json\/wp\/v2\/pages\/5922","targetHints":{"allow":["GET"]}}],"collection":[{"href":"https:\/\/www.vooglaid.org\/en\/wp-json\/wp\/v2\/pages"}],"about":[{"href":"https:\/\/www.vooglaid.org\/en\/wp-json\/wp\/v2\/types\/page"}],"author":[{"embeddable":true,"href":"https:\/\/www.vooglaid.org\/en\/wp-json\/wp\/v2\/users\/11"}],"replies":[{"embeddable":true,"href":"https:\/\/www.vooglaid.org\/en\/wp-json\/wp\/v2\/comments?post=5922"}],"version-history":[{"count":5,"href":"https:\/\/www.vooglaid.org\/en\/wp-json\/wp\/v2\/pages\/5922\/revisions"}],"predecessor-version":[{"id":8173,"href":"https:\/\/www.vooglaid.org\/en\/wp-json\/wp\/v2\/pages\/5922\/revisions\/8173"}],"wp:attachment":[{"href":"https:\/\/www.vooglaid.org\/en\/wp-json\/wp\/v2\/media?parent=5922"}],"curies":[{"name":"wp","href":"https:\/\/api.w.org\/{rel}","templated":true}]}}